{"id":992,"date":"2019-02-02T10:50:51","date_gmt":"2019-02-02T09:50:51","guid":{"rendered":"https:\/\/www.rufus.nl\/over-ons\/"},"modified":"2020-01-07T14:53:30","modified_gmt":"2020-01-07T13:53:30","slug":"uber-uns","status":"publish","type":"page","link":"https:\/\/www.rufus.nl\/de\/uber-uns\/","title":{"rendered":"\u00dcber uns"},"content":{"rendered":"<p><div  id = 'column_data' class='column dt-sc-one-column  space first'  ><aside id=\"media_image-2-rn\" class=\"widget  widget_media_image\"><img decoding=\"async\" class=\"image \" src=\"https:\/\/www.rufus.nl\/wp-content\/uploads\/2019\/04\/PRINT-_DSC3501.jpg\" alt=\"\" width=\"\" height=\"\" \/><\/aside><\/div><div  id = 'column_data' class='column dt-sc-one-column  space first'  ><aside id=\"text-2-hv\" class=\"widget  widget_text\">\t\t\t<div class=\"textwidget\">Seit 1969 ist die Boerderij am Oudeweg als Gastronomie mit \u00dcbernachtung ge\u00f6ffnet. Gem\u00fctlich \u00fcbernachten im alten Stall, in dem die K\u00fche standen. In der Zwischenzeit sind beinahe 50 Jahre vergangen und Rufus aan het water ist zu einem Betrieb gewachsen mit unterschiedlichen \u00dcbernachtungsm\u00f6glichkeiten, Komfortzimmern, Gastronomie mit Terrasse am Wasser, Fahrradf\u00e4hre, Bootverleih mit Segelbooten, Plattboden und Sloepen und einem kleinen Campungplatz ... es hat sich einiges ver\u00e4ndert. Seit nun 25 Jahren darf ich diesen sch\u00f6nen Betrieb an einem herrlichen Fleck Friesland leiten, unterst\u00fctzt von einem tollen Team im Hafen und in der Gastronomie. Gerne bis bald bei Rufus aan het water, wilkommen!<\/p>\n<p>Wim Driessen\n<\/div>\n\t\t<\/aside><\/div><\/p>\n","protected":false},"excerpt":{"rendered":"","protected":false},"author":1,"featured_media":3496,"parent":0,"menu_order":0,"comment_status":"closed","ping_status":"closed","template":"","meta":{"_acf_changed":false,"footnotes":""},"class_list":["post-992","page","type-page","status-publish","has-post-thumbnail","hentry"],"acf":[],"yoast_head":"<!-- This site is optimized with the Yoast SEO plugin v27.4 - https:\/\/yoast.com\/product\/yoast-seo-wordpress\/ -->\n<title>\u00dcber uns - Rufus aan het Water<\/title>\n<meta name=\"robots\" content=\"index, follow, max-snippet:-1, max-image-preview:large, max-video-preview:-1\" \/>\n<link rel=\"canonical\" href=\"https:\/\/www.rufus.nl\/over-ons\/\" \/>\n<meta property=\"og:locale\" content=\"de_DE\" \/>\n<meta property=\"og:type\" content=\"article\" \/>\n<meta property=\"og:title\" content=\"\u00dcber uns - Rufus aan het Water\" \/>\n<meta property=\"og:url\" content=\"https:\/\/www.rufus.nl\/over-ons\/\" \/>\n<meta property=\"og:site_name\" content=\"Rufus aan het Water\" \/>\n<meta property=\"article:modified_time\" content=\"2020-01-07T13:53:30+00:00\" \/>\n<meta name=\"twitter:card\" content=\"summary_large_image\" \/>\n<meta name=\"twitter:label1\" content=\"Gesch\u00e4tzte Lesezeit\" \/>\n\t<meta name=\"twitter:data1\" content=\"1\u00a0Minute\" \/>\n<script type=\"application\/ld+json\" class=\"yoast-schema-graph\">{\"@context\":\"https:\\\/\\\/schema.org\",\"@graph\":[{\"@type\":\"WebPage\",\"@id\":\"https:\\\/\\\/www.rufus.nl\\\/over-ons\\\/\",\"url\":\"https:\\\/\\\/www.rufus.nl\\\/over-ons\\\/\",\"name\":\"\u00dcber uns - Rufus aan het Water\",\"isPartOf\":{\"@id\":\"https:\\\/\\\/www.rufus.nl\\\/#website\"},\"primaryImageOfPage\":{\"@id\":\"https:\\\/\\\/www.rufus.nl\\\/over-ons\\\/#primaryimage\"},\"image\":{\"@id\":\"https:\\\/\\\/www.rufus.nl\\\/over-ons\\\/#primaryimage\"},\"thumbnailUrl\":\"https:\\\/\\\/www.rufus.nl\\\/wp-content\\\/uploads\\\/2025\\\/02\\\/IMG_7743.jpg\",\"datePublished\":\"2019-02-02T09:50:51+00:00\",\"dateModified\":\"2020-01-07T13:53:30+00:00\",\"breadcrumb\":{\"@id\":\"https:\\\/\\\/www.rufus.nl\\\/over-ons\\\/#breadcrumb\"},\"inLanguage\":\"de\",\"potentialAction\":[{\"@type\":\"ReadAction\",\"target\":[\"https:\\\/\\\/www.rufus.nl\\\/over-ons\\\/\"]}]},{\"@type\":\"ImageObject\",\"inLanguage\":\"de\",\"@id\":\"https:\\\/\\\/www.rufus.nl\\\/over-ons\\\/#primaryimage\",\"url\":\"https:\\\/\\\/www.rufus.nl\\\/wp-content\\\/uploads\\\/2025\\\/02\\\/IMG_7743.jpg\",\"contentUrl\":\"https:\\\/\\\/www.rufus.nl\\\/wp-content\\\/uploads\\\/2025\\\/02\\\/IMG_7743.jpg\",\"width\":1379,\"height\":919},{\"@type\":\"BreadcrumbList\",\"@id\":\"https:\\\/\\\/www.rufus.nl\\\/over-ons\\\/#breadcrumb\",\"itemListElement\":[{\"@type\":\"ListItem\",\"position\":1,\"name\":\"Home\",\"item\":\"https:\\\/\\\/www.rufus.nl\\\/de\\\/\"},{\"@type\":\"ListItem\",\"position\":2,\"name\":\"\u00dcber uns\"}]},{\"@type\":\"WebSite\",\"@id\":\"https:\\\/\\\/www.rufus.nl\\\/#website\",\"url\":\"https:\\\/\\\/www.rufus.nl\\\/\",\"name\":\"Rufus aan het Water\",\"description\":\"Heerlijk genieten in Friesland\",\"publisher\":{\"@id\":\"https:\\\/\\\/www.rufus.nl\\\/#organization\"},\"potentialAction\":[{\"@type\":\"SearchAction\",\"target\":{\"@type\":\"EntryPoint\",\"urlTemplate\":\"https:\\\/\\\/www.rufus.nl\\\/?s={search_term_string}\"},\"query-input\":{\"@type\":\"PropertyValueSpecification\",\"valueRequired\":true,\"valueName\":\"search_term_string\"}}],\"inLanguage\":\"de\"},{\"@type\":\"Organization\",\"@id\":\"https:\\\/\\\/www.rufus.nl\\\/#organization\",\"name\":\"Rufus\",\"url\":\"https:\\\/\\\/www.rufus.nl\\\/\",\"logo\":{\"@type\":\"ImageObject\",\"inLanguage\":\"de\",\"@id\":\"https:\\\/\\\/www.rufus.nl\\\/#\\\/schema\\\/logo\\\/image\\\/\",\"url\":\"https:\\\/\\\/www.rufus.nl\\\/wp-content\\\/uploads\\\/2019\\\/02\\\/rufus-aan-het-water-logo-229-retina.png\",\"contentUrl\":\"https:\\\/\\\/www.rufus.nl\\\/wp-content\\\/uploads\\\/2019\\\/02\\\/rufus-aan-het-water-logo-229-retina.png\",\"width\":459,\"height\":186,\"caption\":\"Rufus\"},\"image\":{\"@id\":\"https:\\\/\\\/www.rufus.nl\\\/#\\\/schema\\\/logo\\\/image\\\/\"}}]}<\/script>\n<!-- \/ Yoast SEO plugin. -->","yoast_head_json":{"title":"\u00dcber uns - Rufus aan het Water","robots":{"index":"index","follow":"follow","max-snippet":"max-snippet:-1","max-image-preview":"max-image-preview:large","max-video-preview":"max-video-preview:-1"},"canonical":"https:\/\/www.rufus.nl\/over-ons\/","og_locale":"de_DE","og_type":"article","og_title":"\u00dcber uns - Rufus aan het Water","og_url":"https:\/\/www.rufus.nl\/over-ons\/","og_site_name":"Rufus aan het Water","article_modified_time":"2020-01-07T13:53:30+00:00","twitter_card":"summary_large_image","twitter_misc":{"Gesch\u00e4tzte Lesezeit":"1\u00a0Minute"},"schema":{"@context":"https:\/\/schema.org","@graph":[{"@type":"WebPage","@id":"https:\/\/www.rufus.nl\/over-ons\/","url":"https:\/\/www.rufus.nl\/over-ons\/","name":"\u00dcber uns - Rufus aan het Water","isPartOf":{"@id":"https:\/\/www.rufus.nl\/#website"},"primaryImageOfPage":{"@id":"https:\/\/www.rufus.nl\/over-ons\/#primaryimage"},"image":{"@id":"https:\/\/www.rufus.nl\/over-ons\/#primaryimage"},"thumbnailUrl":"https:\/\/www.rufus.nl\/wp-content\/uploads\/2025\/02\/IMG_7743.jpg","datePublished":"2019-02-02T09:50:51+00:00","dateModified":"2020-01-07T13:53:30+00:00","breadcrumb":{"@id":"https:\/\/www.rufus.nl\/over-ons\/#breadcrumb"},"inLanguage":"de","potentialAction":[{"@type":"ReadAction","target":["https:\/\/www.rufus.nl\/over-ons\/"]}]},{"@type":"ImageObject","inLanguage":"de","@id":"https:\/\/www.rufus.nl\/over-ons\/#primaryimage","url":"https:\/\/www.rufus.nl\/wp-content\/uploads\/2025\/02\/IMG_7743.jpg","contentUrl":"https:\/\/www.rufus.nl\/wp-content\/uploads\/2025\/02\/IMG_7743.jpg","width":1379,"height":919},{"@type":"BreadcrumbList","@id":"https:\/\/www.rufus.nl\/over-ons\/#breadcrumb","itemListElement":[{"@type":"ListItem","position":1,"name":"Home","item":"https:\/\/www.rufus.nl\/de\/"},{"@type":"ListItem","position":2,"name":"\u00dcber uns"}]},{"@type":"WebSite","@id":"https:\/\/www.rufus.nl\/#website","url":"https:\/\/www.rufus.nl\/","name":"Rufus aan het Water","description":"Heerlijk genieten in Friesland","publisher":{"@id":"https:\/\/www.rufus.nl\/#organization"},"potentialAction":[{"@type":"SearchAction","target":{"@type":"EntryPoint","urlTemplate":"https:\/\/www.rufus.nl\/?s={search_term_string}"},"query-input":{"@type":"PropertyValueSpecification","valueRequired":true,"valueName":"search_term_string"}}],"inLanguage":"de"},{"@type":"Organization","@id":"https:\/\/www.rufus.nl\/#organization","name":"Rufus","url":"https:\/\/www.rufus.nl\/","logo":{"@type":"ImageObject","inLanguage":"de","@id":"https:\/\/www.rufus.nl\/#\/schema\/logo\/image\/","url":"https:\/\/www.rufus.nl\/wp-content\/uploads\/2019\/02\/rufus-aan-het-water-logo-229-retina.png","contentUrl":"https:\/\/www.rufus.nl\/wp-content\/uploads\/2019\/02\/rufus-aan-het-water-logo-229-retina.png","width":459,"height":186,"caption":"Rufus"},"image":{"@id":"https:\/\/www.rufus.nl\/#\/schema\/logo\/image\/"}}]}},"_links":{"self":[{"href":"https:\/\/www.rufus.nl\/de\/wp-json\/wp\/v2\/pages\/992","targetHints":{"allow":["GET"]}}],"collection":[{"href":"https:\/\/www.rufus.nl\/de\/wp-json\/wp\/v2\/pages"}],"about":[{"href":"https:\/\/www.rufus.nl\/de\/wp-json\/wp\/v2\/types\/page"}],"author":[{"embeddable":true,"href":"https:\/\/www.rufus.nl\/de\/wp-json\/wp\/v2\/users\/1"}],"replies":[{"embeddable":true,"href":"https:\/\/www.rufus.nl\/de\/wp-json\/wp\/v2\/comments?post=992"}],"version-history":[{"count":5,"href":"https:\/\/www.rufus.nl\/de\/wp-json\/wp\/v2\/pages\/992\/revisions"}],"predecessor-version":[{"id":1108,"href":"https:\/\/www.rufus.nl\/de\/wp-json\/wp\/v2\/pages\/992\/revisions\/1108"}],"wp:featuredmedia":[{"embeddable":true,"href":"https:\/\/www.rufus.nl\/de\/wp-json\/wp\/v2\/media\/3496"}],"wp:attachment":[{"href":"https:\/\/www.rufus.nl\/de\/wp-json\/wp\/v2\/media?parent=992"}],"curies":[{"name":"wp","href":"https:\/\/api.w.org\/{rel}","templated":true}]}}