{"id":986,"date":"2019-02-02T10:50:18","date_gmt":"2019-02-02T09:50:18","guid":{"rendered":"https:\/\/www.rufus.nl\/eten\/"},"modified":"2023-08-01T13:41:18","modified_gmt":"2023-08-01T11:41:18","slug":"essen-und-trinken","status":"publish","type":"page","link":"https:\/\/www.rufus.nl\/de\/essen-und-trinken\/","title":{"rendered":"Essen und trinken"},"content":{"rendered":"<p><div  id = 'column_data' class='column dt-sc-one-column  space first'  ><h1 class='section-title alignleft'>Essen bei Rufus<\/h1><div class='dt-sc-hr-invisible-small  '><\/div><\/div><div class='fullwidth-section  '  style=\"padding-bottom:50px;\">\t<div class=\"container\"><div  id = 'column_data' class='column dt-sc-one-half  space first'  ><p><img loading=\"lazy\" decoding=\"async\" class=\"alignnone  wp-image-431\" src=\"https:\/\/www.rufus.nl\/wp-content\/uploads\/2019\/03\/borrelplank2-300x207.jpg\" alt=\"\" width=\"874\" height=\"603\" srcset=\"https:\/\/www.rufus.nl\/wp-content\/uploads\/2019\/03\/borrelplank2-300x207.jpg 300w, https:\/\/www.rufus.nl\/wp-content\/uploads\/2019\/03\/borrelplank2-768x531.jpg 768w, https:\/\/www.rufus.nl\/wp-content\/uploads\/2019\/03\/borrelplank2-1024x708.jpg 1024w\" sizes=\"auto, (max-width: 874px) 100vw, 874px\" \/><\/p><\/div><div  id = 'column_data' class='column dt-sc-one-half  space '  ><p><span class=\"VIiyi\" lang=\"de\"><span class=\"JLqJ4b ChMk0b\" data-language-for-alternatives=\"de\" data-language-to-translate-into=\"nl\" data-phrase-index=\"0\" data-number-of-phrases=\"6\"><span class=\"Q4iAWc\">Caf\u00e9 auf dem Wasser<\/span><\/span> <\/span><\/p>\n<p><span class=\"VIiyi\" lang=\"de\"><span class=\"JLqJ4b ChMk0b\" data-language-for-alternatives=\"de\" data-language-to-translate-into=\"nl\" data-phrase-index=\"2\" data-number-of-phrases=\"6\"><span class=\"Q4iAWc\">Direkt neben der F\u00e4hre finden Sie unsere gem\u00fctliche Terrasse und Au\u00dfenk\u00fcche!<\/span><\/span> <span class=\"JLqJ4b ChMk0b\" data-language-for-alternatives=\"de\" data-language-to-translate-into=\"nl\" data-phrase-index=\"3\" data-number-of-phrases=\"6\"><span class=\"Q4iAWc\">Unser Caf\u00e9 mit seiner teilweise \u00fcberdachten Terrasse bietet einen sch\u00f6nen Blick auf den Polder und das Wasser.<\/span><\/span> <span class=\"JLqJ4b ChMk0b\" data-language-for-alternatives=\"de\" data-language-to-translate-into=\"nl\" data-phrase-index=\"4\" data-number-of-phrases=\"6\"><span class=\"Q4iAWc\">Auf unseren Lounge-Sofas am Wasser k\u00f6nnen Sie die vorbeifahrenden Boote und nat\u00fcrlich die k\u00f6stlichen Produkte genie\u00dfen, die wir servieren.<\/span><\/span> <span class=\"JLqJ4b ChMk0b\" data-language-for-alternatives=\"de\" data-language-to-translate-into=\"nl\" data-phrase-index=\"5\" data-number-of-phrases=\"6\"><span class=\"Q4iAWc\">Sie k\u00f6nnen zu uns kommen f\u00fcr Fr\u00fchst\u00fcck, Kaffee, Mittagessen, Teller und Getr\u00e4nke.<\/span><\/span><\/span><\/p><\/div><div class='dt-sc-tabs-container '><ul class=\"dt-sc-tabs-frame\"><li><a href=\"#\">Informatie<\/a><\/li><li><a href=\"#\">Menu kaart<\/a><\/li><\/ul><div class=\"dt-sc-tabs-frame-content\"><p><span class=\"HwtZe\" lang=\"de\"><span class=\"jCAhz ChMk0b\"><span class=\"ryNqvb\">Unser Caf\u00e9 ist t\u00e4glich von 09:00 bis 20:00 Uhr ge\u00f6ffnet.<\/span><\/span> <span class=\"jCAhz ChMk0b\"><span class=\"ryNqvb\">Ist es abends noch angenehm voll?<\/span><\/span> <span class=\"jCAhz ChMk0b\"><span class=\"ryNqvb\">Dann bleiben wir noch etwas l\u00e4nger ge\u00f6ffnet!<\/span><\/span><\/span><\/p>\n<p><span class=\"HwtZe\" lang=\"de\"><span class=\"jCAhz ChMk0b\"><span class=\"ryNqvb\">Wir arbeiten mit einem Take-Away-Konzept;<\/span><\/span> <span class=\"jCAhz ChMk0b\"><span class=\"ryNqvb\">Sie k\u00f6nnen Ihre Speisen und Getr\u00e4nke bei uns an der Bar bestellen, Getr\u00e4nke erhalten Sie sofort und das Essen wird sp\u00e4ter serviert.<\/span><\/span> <span class=\"jCAhz ChMk0b\"><span class=\"ryNqvb\">M\u00f6chten Sie noch etwas trinken?<\/span><\/span> <span class=\"jCAhz ChMk0b\"><span class=\"ryNqvb\">Dann m\u00fcssen Sie nicht auf einen Kellner\/eine Kellnerin warten, sondern k\u00f6nnen sich selbst etwas Neues an der Bar besorgen!<\/span><\/span> <span class=\"jCAhz ChMk0b\"><span class=\"ryNqvb\">Wenn Sie unsere Terrasse\/Caf\u00e9 verlassen, bitten wir Sie, Ihre Sachen ordentlich zu verstauen, damit die n\u00e4chsten G\u00e4ste ihren Platz sofort genie\u00dfen k\u00f6nnen.<\/span><\/span><\/span><\/p>\n<p><span class=\"HwtZe\" lang=\"de\"><span class=\"jCAhz ChMk0b\"><span class=\"ryNqvb\">In den Sommerferien bieten wir t\u00e4glich ein <strong>Tagesgericht<\/strong> an.<\/span><\/span><\/span><\/p>\n<p><span class=\"HwtZe\" lang=\"de\"><span class=\"jCAhz ChMk0b\"><span class=\"ryNqvb\">Sind Sie 15 oder mehr Personen?<\/span><\/span> <span class=\"jCAhz ChMk0b\"><span class=\"ryNqvb\">Dann sind unsere Gruppenpakete sehr zu empfehlen!<\/span><\/span> <span class=\"jCAhz ChMk0b\"><span class=\"ryNqvb\">Lassen Sie sich von unserem <a href=\"https:\/\/www.rufus.nl\/wp-content\/uploads\/2023\/04\/Foodbook-2023.pdf\">Foodbook 2023<\/a> inspirieren.<\/span><\/span> <span class=\"jCAhz ChMk0b\"><span class=\"ryNqvb\">Wir bieten die M\u00f6glichkeit zum Mittagessen, Getr\u00e4nken und Grillen.<\/span><\/span><\/span><\/p>\n<div class=\"lRu31\"><span class=\"HwtZe\" lang=\"de\"><span class=\"jCAhz ChMk0b\"><span class=\"ryNqvb\">Sie k\u00f6nnen auch bei Rufus fr\u00fchst\u00fccken.<\/span><\/span> <span class=\"jCAhz ChMk0b\"><span class=\"ryNqvb\">Dies erfolgt bei Reservierung \u00fcber eine <a href=\"https:\/\/www.rufus.nl\/wp-content\/uploads\/2022\/06\/Ontbijt-bestellijst-2021-2.0.xlsx\">Fr\u00fchst\u00fccksliste<\/a>.<\/span><\/span> <span class=\"jCAhz ChMk0b\"><span class=\"ryNqvb\">Wenn Sie bei uns \u00fcbernachten, erhalten Sie diese beim Check-in.<\/span><\/span> <span class=\"jCAhz ChMk0b\"><span class=\"ryNqvb\">Wenn Sie nur zum Fr\u00fchst\u00fcck kommen m\u00f6chten, k\u00f6nnen Sie die Liste auch an uns senden!<\/span><\/span> <span class=\"jCAhz ChMk0b\"><span class=\"ryNqvb\">So verschwenden wir nichts und jeder bekommt, was er m\u00f6chte!<\/span><\/span> <span class=\"jCAhz ChMk0b\"><span class=\"ryNqvb\">Sie erhalten einen lecker gef\u00fcllten Fr\u00fchst\u00fcckskorb und k\u00f6nnen sitzen, wo Sie m\u00f6chten.<\/span><\/span> <span class=\"jCAhz ChMk0b\"><span class=\"ryNqvb\">Im Caf\u00e9, auf dem Wasser, in Ihrer Unterkunft, auf dem Boot oder im Zelt!<\/span><\/span> <span class=\"jCAhz ChMk0b\"><span class=\"ryNqvb\">Kommen Sie morgens spontan zum Fr\u00fchst\u00fcck?<\/span><\/span> <span class=\"jCAhz ChMk0b\"><span class=\"ryNqvb\">Dann k\u00f6nnen Sie sich vor Ort eine Liste besorgen, f\u00fcnfzehn Minuten warten und dann ein frisches Fr\u00fchst\u00fcck genie\u00dfen!<\/span><\/span><\/span><\/div>\n<div class=\"UdTY9 WdefRb\" aria-hidden=\"true\" data-location=\"2\">\n<div class=\"kO6q6e\">&nbsp;<\/div>\n<\/div><\/div><div class=\"dt-sc-tabs-frame-content\"><p><a href=\"https:\/\/www.rufus.nl\/wp-content\/uploads\/2023\/08\/menukaart-2-juli-augustus.pdf\"><span class=\"HwtZe\" lang=\"de\"><span class=\"jCAhz ChMk0b\"><span class=\"ryNqvb\">Getr\u00e4nkekarte Rufus<\/span><\/span><\/span><\/a><\/p>\n<p><a href=\"https:\/\/www.rufus.nl\/wp-content\/uploads\/2023\/08\/menukaart-1-juli-augustus.pdf\"><span class=\"HwtZe\" lang=\"de\"><span class=\"jCAhz ChMk0b\"><span class=\"ryNqvb\">Essenskarte Rufus<\/span><\/span><\/span><\/a><\/p>\n<p><a href=\"https:\/\/www.rufus.nl\/wp-content\/uploads\/2023\/04\/Foodbook-2023.pdf\">Foodbook Gruppe<\/a><\/p><\/div><\/div>\t<\/div><\/div><div class='fullwidth-section  '  style=\"padding-top:80px;padding-bottom:50px;\">\t<div class=\"container\"><h2 class='section-title alignleft'>Was unsere Kunden sagen<\/h2>\n<div class='dt-sc-testimonial'><div class='author'><img src='' alt='Marjolijn' title='Marjolijn' \/><\/div><blockquote><q>\"<span class=\"tlid-translation translation\" lang=\"de\"><span title=\"\">Sch\u00f6ner Blick auf die Terrasse auf dem Wasser, die vorbeifahrenden Boote zu beobachten ist nie langweilig.<\/span> <span class=\"\" title=\"\">Und das alles bei einem guten Cappuccino und einem leckeren St\u00fcck Kuchen!<\/span><\/span>\"<\/q><\/blockquote><div class='author-detail'>Marjolijn, <span><span>Sneek<\/span><\/span><\/div><\/div>\n<div class='dt-sc-testimonial'><div class='author'><img src='' alt='Roy' title='Roy' \/><\/div><blockquote><q>\"<span class=\"tlid-translation translation\" lang=\"de\"><span class=\"\" title=\"\">Wir kommen jedes Jahr nach Friesland und ein regelm\u00e4\u00dfiger Zwischenstopp ist Rufus, ein lustiger Ort f\u00fcr die Kinder zum Spielen und eine gem\u00fctliche Atmosph\u00e4re und gutes Essen f\u00fcr uns.<\/span><\/span>\"<\/q><\/blockquote><div class='author-detail'>Roy, <span><span>Den Haag<\/span><\/span><\/div><\/div>\t<\/div><\/div>\n","protected":false},"excerpt":{"rendered":"","protected":false},"author":1,"featured_media":879,"parent":0,"menu_order":0,"comment_status":"closed","ping_status":"closed","template":"","meta":{"_acf_changed":false,"footnotes":""},"class_list":["post-986","page","type-page","status-publish","has-post-thumbnail","hentry"],"acf":[],"yoast_head":"<!-- This site is optimized with the Yoast SEO plugin v27.4 - https:\/\/yoast.com\/product\/yoast-seo-wordpress\/ -->\n<title>Essen und trinken - Rufus aan het Water<\/title>\n<meta name=\"robots\" content=\"index, follow, max-snippet:-1, max-image-preview:large, max-video-preview:-1\" \/>\n<link rel=\"canonical\" href=\"https:\/\/www.rufus.nl\/eten-en-drinken\/\" \/>\n<meta property=\"og:locale\" content=\"de_DE\" \/>\n<meta property=\"og:type\" content=\"article\" \/>\n<meta property=\"og:title\" content=\"Essen und trinken - Rufus aan het Water\" \/>\n<meta property=\"og:url\" content=\"https:\/\/www.rufus.nl\/eten-en-drinken\/\" \/>\n<meta property=\"og:site_name\" content=\"Rufus aan het Water\" \/>\n<meta property=\"article:modified_time\" content=\"2023-08-01T11:41:18+00:00\" \/>\n<meta property=\"og:image\" content=\"https:\/\/www.rufus.nl\/wp-content\/uploads\/2019\/03\/borrelplank2.jpg\" \/>\n\t<meta property=\"og:image:width\" content=\"4000\" \/>\n\t<meta property=\"og:image:height\" content=\"2764\" \/>\n\t<meta property=\"og:image:type\" content=\"image\/jpeg\" \/>\n<meta name=\"twitter:card\" content=\"summary_large_image\" \/>\n<meta name=\"twitter:label1\" content=\"Gesch\u00e4tzte Lesezeit\" \/>\n\t<meta name=\"twitter:data1\" content=\"3\u00a0Minuten\" \/>\n<script type=\"application\/ld+json\" class=\"yoast-schema-graph\">{\"@context\":\"https:\\\/\\\/schema.org\",\"@graph\":[{\"@type\":\"WebPage\",\"@id\":\"https:\\\/\\\/www.rufus.nl\\\/eten-en-drinken\\\/\",\"url\":\"https:\\\/\\\/www.rufus.nl\\\/eten-en-drinken\\\/\",\"name\":\"Essen und trinken - Rufus aan het Water\",\"isPartOf\":{\"@id\":\"https:\\\/\\\/www.rufus.nl\\\/#website\"},\"primaryImageOfPage\":{\"@id\":\"https:\\\/\\\/www.rufus.nl\\\/eten-en-drinken\\\/#primaryimage\"},\"image\":{\"@id\":\"https:\\\/\\\/www.rufus.nl\\\/eten-en-drinken\\\/#primaryimage\"},\"thumbnailUrl\":\"https:\\\/\\\/www.rufus.nl\\\/wp-content\\\/uploads\\\/2019\\\/03\\\/borrelplank2.jpg\",\"datePublished\":\"2019-02-02T09:50:18+00:00\",\"dateModified\":\"2023-08-01T11:41:18+00:00\",\"breadcrumb\":{\"@id\":\"https:\\\/\\\/www.rufus.nl\\\/eten-en-drinken\\\/#breadcrumb\"},\"inLanguage\":\"de\",\"potentialAction\":[{\"@type\":\"ReadAction\",\"target\":[\"https:\\\/\\\/www.rufus.nl\\\/eten-en-drinken\\\/\"]}]},{\"@type\":\"ImageObject\",\"inLanguage\":\"de\",\"@id\":\"https:\\\/\\\/www.rufus.nl\\\/eten-en-drinken\\\/#primaryimage\",\"url\":\"https:\\\/\\\/www.rufus.nl\\\/wp-content\\\/uploads\\\/2019\\\/03\\\/borrelplank2.jpg\",\"contentUrl\":\"https:\\\/\\\/www.rufus.nl\\\/wp-content\\\/uploads\\\/2019\\\/03\\\/borrelplank2.jpg\",\"width\":4000,\"height\":2764},{\"@type\":\"BreadcrumbList\",\"@id\":\"https:\\\/\\\/www.rufus.nl\\\/eten-en-drinken\\\/#breadcrumb\",\"itemListElement\":[{\"@type\":\"ListItem\",\"position\":1,\"name\":\"Home\",\"item\":\"https:\\\/\\\/www.rufus.nl\\\/de\\\/\"},{\"@type\":\"ListItem\",\"position\":2,\"name\":\"Essen und trinken\"}]},{\"@type\":\"WebSite\",\"@id\":\"https:\\\/\\\/www.rufus.nl\\\/#website\",\"url\":\"https:\\\/\\\/www.rufus.nl\\\/\",\"name\":\"Rufus aan het Water\",\"description\":\"Heerlijk genieten in Friesland\",\"publisher\":{\"@id\":\"https:\\\/\\\/www.rufus.nl\\\/#organization\"},\"potentialAction\":[{\"@type\":\"SearchAction\",\"target\":{\"@type\":\"EntryPoint\",\"urlTemplate\":\"https:\\\/\\\/www.rufus.nl\\\/?s={search_term_string}\"},\"query-input\":{\"@type\":\"PropertyValueSpecification\",\"valueRequired\":true,\"valueName\":\"search_term_string\"}}],\"inLanguage\":\"de\"},{\"@type\":\"Organization\",\"@id\":\"https:\\\/\\\/www.rufus.nl\\\/#organization\",\"name\":\"Rufus\",\"url\":\"https:\\\/\\\/www.rufus.nl\\\/\",\"logo\":{\"@type\":\"ImageObject\",\"inLanguage\":\"de\",\"@id\":\"https:\\\/\\\/www.rufus.nl\\\/#\\\/schema\\\/logo\\\/image\\\/\",\"url\":\"https:\\\/\\\/www.rufus.nl\\\/wp-content\\\/uploads\\\/2019\\\/02\\\/rufus-aan-het-water-logo-229-retina.png\",\"contentUrl\":\"https:\\\/\\\/www.rufus.nl\\\/wp-content\\\/uploads\\\/2019\\\/02\\\/rufus-aan-het-water-logo-229-retina.png\",\"width\":459,\"height\":186,\"caption\":\"Rufus\"},\"image\":{\"@id\":\"https:\\\/\\\/www.rufus.nl\\\/#\\\/schema\\\/logo\\\/image\\\/\"}}]}<\/script>\n<!-- \/ Yoast SEO plugin. -->","yoast_head_json":{"title":"Essen und trinken - Rufus aan het Water","robots":{"index":"index","follow":"follow","max-snippet":"max-snippet:-1","max-image-preview":"max-image-preview:large","max-video-preview":"max-video-preview:-1"},"canonical":"https:\/\/www.rufus.nl\/eten-en-drinken\/","og_locale":"de_DE","og_type":"article","og_title":"Essen und trinken - Rufus aan het Water","og_url":"https:\/\/www.rufus.nl\/eten-en-drinken\/","og_site_name":"Rufus aan het Water","article_modified_time":"2023-08-01T11:41:18+00:00","og_image":[{"width":4000,"height":2764,"url":"https:\/\/www.rufus.nl\/wp-content\/uploads\/2019\/03\/borrelplank2.jpg","type":"image\/jpeg"}],"twitter_card":"summary_large_image","twitter_misc":{"Gesch\u00e4tzte Lesezeit":"3\u00a0Minuten"},"schema":{"@context":"https:\/\/schema.org","@graph":[{"@type":"WebPage","@id":"https:\/\/www.rufus.nl\/eten-en-drinken\/","url":"https:\/\/www.rufus.nl\/eten-en-drinken\/","name":"Essen und trinken - Rufus aan het Water","isPartOf":{"@id":"https:\/\/www.rufus.nl\/#website"},"primaryImageOfPage":{"@id":"https:\/\/www.rufus.nl\/eten-en-drinken\/#primaryimage"},"image":{"@id":"https:\/\/www.rufus.nl\/eten-en-drinken\/#primaryimage"},"thumbnailUrl":"https:\/\/www.rufus.nl\/wp-content\/uploads\/2019\/03\/borrelplank2.jpg","datePublished":"2019-02-02T09:50:18+00:00","dateModified":"2023-08-01T11:41:18+00:00","breadcrumb":{"@id":"https:\/\/www.rufus.nl\/eten-en-drinken\/#breadcrumb"},"inLanguage":"de","potentialAction":[{"@type":"ReadAction","target":["https:\/\/www.rufus.nl\/eten-en-drinken\/"]}]},{"@type":"ImageObject","inLanguage":"de","@id":"https:\/\/www.rufus.nl\/eten-en-drinken\/#primaryimage","url":"https:\/\/www.rufus.nl\/wp-content\/uploads\/2019\/03\/borrelplank2.jpg","contentUrl":"https:\/\/www.rufus.nl\/wp-content\/uploads\/2019\/03\/borrelplank2.jpg","width":4000,"height":2764},{"@type":"BreadcrumbList","@id":"https:\/\/www.rufus.nl\/eten-en-drinken\/#breadcrumb","itemListElement":[{"@type":"ListItem","position":1,"name":"Home","item":"https:\/\/www.rufus.nl\/de\/"},{"@type":"ListItem","position":2,"name":"Essen und trinken"}]},{"@type":"WebSite","@id":"https:\/\/www.rufus.nl\/#website","url":"https:\/\/www.rufus.nl\/","name":"Rufus aan het Water","description":"Heerlijk genieten in Friesland","publisher":{"@id":"https:\/\/www.rufus.nl\/#organization"},"potentialAction":[{"@type":"SearchAction","target":{"@type":"EntryPoint","urlTemplate":"https:\/\/www.rufus.nl\/?s={search_term_string}"},"query-input":{"@type":"PropertyValueSpecification","valueRequired":true,"valueName":"search_term_string"}}],"inLanguage":"de"},{"@type":"Organization","@id":"https:\/\/www.rufus.nl\/#organization","name":"Rufus","url":"https:\/\/www.rufus.nl\/","logo":{"@type":"ImageObject","inLanguage":"de","@id":"https:\/\/www.rufus.nl\/#\/schema\/logo\/image\/","url":"https:\/\/www.rufus.nl\/wp-content\/uploads\/2019\/02\/rufus-aan-het-water-logo-229-retina.png","contentUrl":"https:\/\/www.rufus.nl\/wp-content\/uploads\/2019\/02\/rufus-aan-het-water-logo-229-retina.png","width":459,"height":186,"caption":"Rufus"},"image":{"@id":"https:\/\/www.rufus.nl\/#\/schema\/logo\/image\/"}}]}},"_links":{"self":[{"href":"https:\/\/www.rufus.nl\/de\/wp-json\/wp\/v2\/pages\/986","targetHints":{"allow":["GET"]}}],"collection":[{"href":"https:\/\/www.rufus.nl\/de\/wp-json\/wp\/v2\/pages"}],"about":[{"href":"https:\/\/www.rufus.nl\/de\/wp-json\/wp\/v2\/types\/page"}],"author":[{"embeddable":true,"href":"https:\/\/www.rufus.nl\/de\/wp-json\/wp\/v2\/users\/1"}],"replies":[{"embeddable":true,"href":"https:\/\/www.rufus.nl\/de\/wp-json\/wp\/v2\/comments?post=986"}],"version-history":[{"count":14,"href":"https:\/\/www.rufus.nl\/de\/wp-json\/wp\/v2\/pages\/986\/revisions"}],"predecessor-version":[{"id":2975,"href":"https:\/\/www.rufus.nl\/de\/wp-json\/wp\/v2\/pages\/986\/revisions\/2975"}],"wp:featuredmedia":[{"embeddable":true,"href":"https:\/\/www.rufus.nl\/de\/wp-json\/wp\/v2\/media\/879"}],"wp:attachment":[{"href":"https:\/\/www.rufus.nl\/de\/wp-json\/wp\/v2\/media?parent=986"}],"curies":[{"name":"wp","href":"https:\/\/api.w.org\/{rel}","templated":true}]}}