{"id":981,"date":"2019-08-22T11:37:51","date_gmt":"2019-08-22T09:37:51","guid":{"rendered":"https:\/\/www.rufus.nl\/betaling-succesvol\/"},"modified":"2024-10-24T10:50:47","modified_gmt":"2024-10-24T08:50:47","slug":"zahlung-erfolgreich","status":"publish","type":"page","link":"https:\/\/www.rufus.nl\/de\/zahlung-erfolgreich\/","title":{"rendered":"Zahlung erfolgreich"},"content":{"rendered":"<h2 style=\"text-align: center;\"><span class=\"tlid-translation translation\" lang=\"de\"><span class=\"\" title=\"\">Vielen Dank f\u00fcr die Bezahlung<\/span><\/span><\/h2>\n<p style=\"text-align: center;\"><span class=\"tlid-translation translation\" lang=\"de\"><span class=\"HwtZe\" lang=\"de\"><span class=\"jCAhz ChMk0b\"><span class=\"ryNqvb\">Die Zahlung wurde erfolgreich abgeschlossen.<\/span><\/span> <span class=\"jCAhz ChMk0b\"><span class=\"ryNqvb\">Sie erhalten zun\u00e4chst eine Buchungsbest\u00e4tigung und sp\u00e4ter eine Best\u00e4tigung, wo die Zahlung bearbeitet wurde.<\/span><\/span><\/span><br \/>\n<\/span><\/p>\n<p>&nbsp;<\/p>\n<p style=\"text-align: center;\"><span class=\"tlid-translation translation\" lang=\"de\"><span class=\"\" title=\"\">Wenn Sie Fragen zu Ihrer Buchung haben, wenden Sie sich bitte an uns.<\/span><\/span><\/p>\n","protected":false},"excerpt":{"rendered":"<p>Vielen Dank f\u00fcr die Bezahlung Die Zahlung wurde erfolgreich abgeschlossen. Sie erhalten zun\u00e4chst eine Buchungsbest\u00e4tigung und sp\u00e4ter eine Best\u00e4tigung, wo die Zahlung bearbeitet wurde. &nbsp; Wenn Sie Fragen zu Ihrer Buchung haben, wenden Sie sich bitte an uns.<\/p>\n","protected":false},"author":2,"featured_media":0,"parent":0,"menu_order":0,"comment_status":"closed","ping_status":"closed","template":"","meta":{"_acf_changed":false,"footnotes":""},"class_list":["post-981","page","type-page","status-publish","hentry"],"acf":[],"yoast_head":"<!-- This site is optimized with the Yoast SEO plugin v27.4 - https:\/\/yoast.com\/product\/yoast-seo-wordpress\/ -->\n<title>Zahlung erfolgreich - Rufus aan het Water<\/title>\n<meta name=\"robots\" content=\"index, follow, max-snippet:-1, max-image-preview:large, max-video-preview:-1\" \/>\n<link rel=\"canonical\" href=\"https:\/\/www.rufus.nl\/de\/zahlung-erfolgreich\/\" \/>\n<meta property=\"og:locale\" content=\"de_DE\" \/>\n<meta property=\"og:type\" content=\"article\" \/>\n<meta property=\"og:title\" content=\"Zahlung erfolgreich - Rufus aan het Water\" \/>\n<meta property=\"og:description\" content=\"Vielen Dank f\u00fcr die Bezahlung Die Zahlung wurde erfolgreich abgeschlossen. Sie erhalten zun\u00e4chst eine Buchungsbest\u00e4tigung und sp\u00e4ter eine Best\u00e4tigung, wo die Zahlung bearbeitet wurde. &nbsp; Wenn Sie Fragen zu Ihrer Buchung haben, wenden Sie sich bitte an uns.\" \/>\n<meta property=\"og:url\" content=\"https:\/\/www.rufus.nl\/de\/zahlung-erfolgreich\/\" \/>\n<meta property=\"og:site_name\" content=\"Rufus aan het Water\" \/>\n<meta property=\"article:modified_time\" content=\"2024-10-24T08:50:47+00:00\" \/>\n<meta name=\"twitter:card\" content=\"summary_large_image\" \/>\n<meta name=\"twitter:label1\" content=\"Gesch\u00e4tzte Lesezeit\" \/>\n\t<meta name=\"twitter:data1\" content=\"1\u00a0Minute\" \/>\n<script type=\"application\/ld+json\" class=\"yoast-schema-graph\">{\"@context\":\"https:\\\/\\\/schema.org\",\"@graph\":[{\"@type\":\"WebPage\",\"@id\":\"https:\\\/\\\/www.rufus.nl\\\/de\\\/zahlung-erfolgreich\\\/\",\"url\":\"https:\\\/\\\/www.rufus.nl\\\/de\\\/zahlung-erfolgreich\\\/\",\"name\":\"Zahlung erfolgreich - Rufus aan het Water\",\"isPartOf\":{\"@id\":\"https:\\\/\\\/www.rufus.nl\\\/#website\"},\"datePublished\":\"2019-08-22T09:37:51+00:00\",\"dateModified\":\"2024-10-24T08:50:47+00:00\",\"breadcrumb\":{\"@id\":\"https:\\\/\\\/www.rufus.nl\\\/de\\\/zahlung-erfolgreich\\\/#breadcrumb\"},\"inLanguage\":\"de\",\"potentialAction\":[{\"@type\":\"ReadAction\",\"target\":[\"https:\\\/\\\/www.rufus.nl\\\/de\\\/zahlung-erfolgreich\\\/\"]}]},{\"@type\":\"BreadcrumbList\",\"@id\":\"https:\\\/\\\/www.rufus.nl\\\/de\\\/zahlung-erfolgreich\\\/#breadcrumb\",\"itemListElement\":[{\"@type\":\"ListItem\",\"position\":1,\"name\":\"Home\",\"item\":\"https:\\\/\\\/www.rufus.nl\\\/de\\\/\"},{\"@type\":\"ListItem\",\"position\":2,\"name\":\"Zahlung erfolgreich\"}]},{\"@type\":\"WebSite\",\"@id\":\"https:\\\/\\\/www.rufus.nl\\\/#website\",\"url\":\"https:\\\/\\\/www.rufus.nl\\\/\",\"name\":\"Rufus aan het Water\",\"description\":\"Heerlijk genieten in Friesland\",\"publisher\":{\"@id\":\"https:\\\/\\\/www.rufus.nl\\\/#organization\"},\"potentialAction\":[{\"@type\":\"SearchAction\",\"target\":{\"@type\":\"EntryPoint\",\"urlTemplate\":\"https:\\\/\\\/www.rufus.nl\\\/?s={search_term_string}\"},\"query-input\":{\"@type\":\"PropertyValueSpecification\",\"valueRequired\":true,\"valueName\":\"search_term_string\"}}],\"inLanguage\":\"de\"},{\"@type\":\"Organization\",\"@id\":\"https:\\\/\\\/www.rufus.nl\\\/#organization\",\"name\":\"Rufus\",\"url\":\"https:\\\/\\\/www.rufus.nl\\\/\",\"logo\":{\"@type\":\"ImageObject\",\"inLanguage\":\"de\",\"@id\":\"https:\\\/\\\/www.rufus.nl\\\/#\\\/schema\\\/logo\\\/image\\\/\",\"url\":\"https:\\\/\\\/www.rufus.nl\\\/wp-content\\\/uploads\\\/2019\\\/02\\\/rufus-aan-het-water-logo-229-retina.png\",\"contentUrl\":\"https:\\\/\\\/www.rufus.nl\\\/wp-content\\\/uploads\\\/2019\\\/02\\\/rufus-aan-het-water-logo-229-retina.png\",\"width\":459,\"height\":186,\"caption\":\"Rufus\"},\"image\":{\"@id\":\"https:\\\/\\\/www.rufus.nl\\\/#\\\/schema\\\/logo\\\/image\\\/\"}}]}<\/script>\n<!-- \/ Yoast SEO plugin. -->","yoast_head_json":{"title":"Zahlung erfolgreich - Rufus aan het Water","robots":{"index":"index","follow":"follow","max-snippet":"max-snippet:-1","max-image-preview":"max-image-preview:large","max-video-preview":"max-video-preview:-1"},"canonical":"https:\/\/www.rufus.nl\/de\/zahlung-erfolgreich\/","og_locale":"de_DE","og_type":"article","og_title":"Zahlung erfolgreich - Rufus aan het Water","og_description":"Vielen Dank f\u00fcr die Bezahlung Die Zahlung wurde erfolgreich abgeschlossen. Sie erhalten zun\u00e4chst eine Buchungsbest\u00e4tigung und sp\u00e4ter eine Best\u00e4tigung, wo die Zahlung bearbeitet wurde. &nbsp; Wenn Sie Fragen zu Ihrer Buchung haben, wenden Sie sich bitte an uns.","og_url":"https:\/\/www.rufus.nl\/de\/zahlung-erfolgreich\/","og_site_name":"Rufus aan het Water","article_modified_time":"2024-10-24T08:50:47+00:00","twitter_card":"summary_large_image","twitter_misc":{"Gesch\u00e4tzte Lesezeit":"1\u00a0Minute"},"schema":{"@context":"https:\/\/schema.org","@graph":[{"@type":"WebPage","@id":"https:\/\/www.rufus.nl\/de\/zahlung-erfolgreich\/","url":"https:\/\/www.rufus.nl\/de\/zahlung-erfolgreich\/","name":"Zahlung erfolgreich - Rufus aan het Water","isPartOf":{"@id":"https:\/\/www.rufus.nl\/#website"},"datePublished":"2019-08-22T09:37:51+00:00","dateModified":"2024-10-24T08:50:47+00:00","breadcrumb":{"@id":"https:\/\/www.rufus.nl\/de\/zahlung-erfolgreich\/#breadcrumb"},"inLanguage":"de","potentialAction":[{"@type":"ReadAction","target":["https:\/\/www.rufus.nl\/de\/zahlung-erfolgreich\/"]}]},{"@type":"BreadcrumbList","@id":"https:\/\/www.rufus.nl\/de\/zahlung-erfolgreich\/#breadcrumb","itemListElement":[{"@type":"ListItem","position":1,"name":"Home","item":"https:\/\/www.rufus.nl\/de\/"},{"@type":"ListItem","position":2,"name":"Zahlung erfolgreich"}]},{"@type":"WebSite","@id":"https:\/\/www.rufus.nl\/#website","url":"https:\/\/www.rufus.nl\/","name":"Rufus aan het Water","description":"Heerlijk genieten in Friesland","publisher":{"@id":"https:\/\/www.rufus.nl\/#organization"},"potentialAction":[{"@type":"SearchAction","target":{"@type":"EntryPoint","urlTemplate":"https:\/\/www.rufus.nl\/?s={search_term_string}"},"query-input":{"@type":"PropertyValueSpecification","valueRequired":true,"valueName":"search_term_string"}}],"inLanguage":"de"},{"@type":"Organization","@id":"https:\/\/www.rufus.nl\/#organization","name":"Rufus","url":"https:\/\/www.rufus.nl\/","logo":{"@type":"ImageObject","inLanguage":"de","@id":"https:\/\/www.rufus.nl\/#\/schema\/logo\/image\/","url":"https:\/\/www.rufus.nl\/wp-content\/uploads\/2019\/02\/rufus-aan-het-water-logo-229-retina.png","contentUrl":"https:\/\/www.rufus.nl\/wp-content\/uploads\/2019\/02\/rufus-aan-het-water-logo-229-retina.png","width":459,"height":186,"caption":"Rufus"},"image":{"@id":"https:\/\/www.rufus.nl\/#\/schema\/logo\/image\/"}}]}},"_links":{"self":[{"href":"https:\/\/www.rufus.nl\/de\/wp-json\/wp\/v2\/pages\/981","targetHints":{"allow":["GET"]}}],"collection":[{"href":"https:\/\/www.rufus.nl\/de\/wp-json\/wp\/v2\/pages"}],"about":[{"href":"https:\/\/www.rufus.nl\/de\/wp-json\/wp\/v2\/types\/page"}],"author":[{"embeddable":true,"href":"https:\/\/www.rufus.nl\/de\/wp-json\/wp\/v2\/users\/2"}],"replies":[{"embeddable":true,"href":"https:\/\/www.rufus.nl\/de\/wp-json\/wp\/v2\/comments?post=981"}],"version-history":[{"count":4,"href":"https:\/\/www.rufus.nl\/de\/wp-json\/wp\/v2\/pages\/981\/revisions"}],"predecessor-version":[{"id":3458,"href":"https:\/\/www.rufus.nl\/de\/wp-json\/wp\/v2\/pages\/981\/revisions\/3458"}],"wp:attachment":[{"href":"https:\/\/www.rufus.nl\/de\/wp-json\/wp\/v2\/media?parent=981"}],"curies":[{"name":"wp","href":"https:\/\/api.w.org\/{rel}","templated":true}]}}