{"id":969,"date":"2019-02-02T17:17:21","date_gmt":"2019-02-02T16:17:21","guid":{"rendered":"https:\/\/www.rufus.nl\/veelgestelde-vragen\/"},"modified":"2020-01-07T15:21:41","modified_gmt":"2020-01-07T14:21:41","slug":"oft-gestellte-fragen","status":"publish","type":"page","link":"https:\/\/www.rufus.nl\/de\/oft-gestellte-fragen\/","title":{"rendered":"Oft gestellte Fragen"},"content":{"rendered":"<div class='fullwidth-section  '  style=\"background-image:url(https:\/\/www.rufus.nl\/wp-content\/uploads\/2019\/02\/rufus-terras-aan-het-water.jpg);background-repeat:no-repeat;background-position:center center;padding-top:320px;\">\t<div class=\"container\"><p><\/p>\t<\/div><\/div><div class='dt-sc-hr-invisible-medium  '><\/div><div class='fullwidth-section  ' >\t<div class=\"container\"><div  id = 'column_data' class='column dt-sc-one-half  space first'  ><h2 class='section-title alignleft'>Welche Angebote gibt es allgemein?<\/h2>\n<div class='dt-sc-toggle-frame-set'><div class=\"dt-sc-toggle-frame\">\t<h5 class='dt-sc-toggle-accordion '><a href='#'>WLAN<\/a><\/h5>\t<div class=\"dt-sc-toggle-content\" style=\"display: none;\">\t\t<div class=\"block\"><p>Auf dem gesamten Gel\u00e4nde steht WLAN gratis zur Verf\u00fcgung.<\/p>\t\t<\/div>\t<\/div><\/div>\n<div class=\"dt-sc-toggle-frame\">\t<h5 class='dt-sc-toggle-accordion '><a href='#'>Parken<\/a><\/h5>\t<div class=\"dt-sc-toggle-content\" style=\"display: none;\">\t\t<div class=\"block\"><p>Rufus hat einen eigenen Parkplatz, den Sie gratis nutzen k\u00f6nnen. Seit 2015 haben wir eine Ladestation f\u00fcr Elektroautos (2 Anschl\u00fcsse).<\/p>\t\t<\/div>\t<\/div><\/div>\n<div class=\"dt-sc-toggle-frame\">\t<h5 class='dt-sc-toggle-accordion '><a href='#'>F\u00fcr die Kinder<\/a><\/h5>\t<div class=\"dt-sc-toggle-content\" style=\"display: none;\">\t\t<div class=\"block\"><p>Spielplatz mit Trampolin, Schaukeln, Kletterhaus, Rutsche und Baumhaus. Badestelle mit Schwebebalken, Schaukeltau, Badeleiter, Schwimmhilfen. Fu\u00dfballfeld mit zwei Toren. Spielsachen und Gesellschaftsspiele im Cafe. Am Minicampingplatz liegen Kanus, die umsonst genutzt werden k\u00f6nnen.<\/p>\t\t<\/div>\t<\/div><\/div>\n<div class=\"dt-sc-toggle-frame\">\t<h5 class='dt-sc-toggle-accordion '><a href='#'>Slipanlage<\/a><\/h5>\t<div class=\"dt-sc-toggle-content\" style=\"display: none;\">\t\t<div class=\"block\"><p>Kleine Boote k\u00f6nnen ins Wasser gesetzt und aus dem Wasser geholt werden.<\/p>\t\t<\/div>\t<\/div><\/div>\n<div class=\"dt-sc-toggle-frame\">\t<h5 class='dt-sc-toggle-accordion '><a href='#'>Kran<\/a><\/h5>\t<div class=\"dt-sc-toggle-content\" style=\"display: none;\">\t\t<div class=\"block\"><p>Boote bis zu einem Gewicht von 1000kg k\u00f6nnen wir kranen.<\/p>\t\t<\/div>\t<\/div><\/div>\n<div class=\"dt-sc-toggle-frame\">\t<h5 class='dt-sc-toggle-accordion '><a href='#'>Angeln<\/a><\/h5>\t<div class=\"dt-sc-toggle-content\" style=\"display: none;\">\t\t<div class=\"block\"><p>Am Minicampingplatz ist ein kleiner Angelplatz.<\/p>\t\t<\/div>\t<\/div><\/div>\n<div class=\"dt-sc-toggle-frame\">\t<h5 class='dt-sc-toggle-accordion '><a href='#'>Hafen<\/a><\/h5>\t<div class=\"dt-sc-toggle-content\" style=\"display: none;\">\t\t<div class=\"block\"><p>Im Hafen befinden sich Liegepl\u00e4tze f\u00fcr Dauerlieger und Passanten. Strom und Wasser stehen zur Verf\u00fcgung. Wir haben einen Schlauch, um Boote zu reinigen. Im Hafengeb\u00e4ude stehen ausreichende Sanit\u00e4ranlagen zur Verf\u00fcgung.<\/p>\t\t<\/div>\t<\/div><\/div>\n<div class=\"dt-sc-toggle-frame\">\t<h5 class='dt-sc-toggle-accordion '><a href='#'>Minicampingplatz<\/a><\/h5>\t<div class=\"dt-sc-toggle-content\" style=\"display: none;\">\t\t<div class=\"block\"><p>Sie k\u00f6nnen bei uns im Zelt, im Campingwagen oder im Karavan \u00fcbernachten. Strom und Wasser stehen auf dem Platz zur Verf\u00fcgung. Hunde sind erlaubt. Auf dem Platz steht allen ein \u00fcberdachter Feuerplatz mit Grill zur Verf\u00fcgung. Holz kann gegen Aufpreis bei Rufus gekauft werden.<\/p>\t\t<\/div>\t<\/div><\/div>\n<div class=\"dt-sc-toggle-frame\">\t<h5 class='dt-sc-toggle-accordion '><a href='#'>Cafe<\/a><\/h5>\t<div class=\"dt-sc-toggle-content\" style=\"display: none;\">\t\t<div class=\"block\"><p>Das Cafe ist das Herz von Rufus. Der Platz, an dem G\u00e4ste innehalten, etwas essen und trinken, gem\u00fctlich drinnen zusammensitzen oder auf unserer Terrasse am Wasser. Sie k\u00f6nnen bei uns fr\u00fchst\u00fccken, mittags essen und abends leckere Tapas bestellen. Im Cafe h\u00e4ngt ein Beamer mit gro\u00dfer Leinwand f\u00fcr Events. Bei Rufus k\u00f6nnen Sie mit Ihrer EC-Karte zahlen, sowohl im Cafe als auch im Hafen.<\/p>\t\t<\/div>\t<\/div><\/div>\n<div class=\"dt-sc-toggle-frame\">\t<h5 class='dt-sc-toggle-accordion '><a href='#'>Radfahren und Wandern: <\/a><\/h5>\t<div class=\"dt-sc-toggle-content\" style=\"display: none;\">\t\t<div class=\"block\"><p>Rufus ist der ideale Ausgangsort f\u00fcr unterschiedliche Touren (von 4 bis 10km L\u00e4nge). Ganzj\u00e4hrig f\u00e4hrt eine Fahrradf\u00e4hre \u00fcber den Noorder Oudeweg. Rufus ist Teil des Radwanderwegs. Radwanderkarten sind im Hafengeb\u00e4ude erh\u00e4ltlich. Die \u00dcberfahrt kostet 1,&#8211; \u20ac pro Person. Bei Rufus k\u00f6nnen Sie auch (Elektro-)R\u00e4der leihen.<\/p>\t\t<\/div>\t<\/div><\/div>\n<div class=\"dt-sc-toggle-frame\">\t<h5 class='dt-sc-toggle-accordion '><a href='#'>Was tut Rufus auf dem Gebiet der Nachhaltigkeit?<\/a><\/h5>\t<div class=\"dt-sc-toggle-content\" style=\"display: none;\">\t\t<div class=\"block\"><p>Rufus verf\u00fcgt \u00fcber eine eigene Wasserreinigungsanlage. Schmutzwasser wird auf unserem Gel\u00e4nde durch einen Helofytenfilter (Reedfeld) geschickt. Nach der S\u00e4uberung l\u00e4uft das Wasser auf dem Gel\u00e4nde ab. Am Reedfeld steht eine Tafel die erkl\u00e4rt, wie der Filter genau arbeitet. Wir arbeiten nur mit \u00f6kologisch abbaubaren Reinigungsmitteln.<\/p>\t\t<\/div>\t<\/div><\/div>\n<div class=\"dt-sc-toggle-frame\">\t<h5 class='dt-sc-toggle-accordion '><a href='#'>Heizung<\/a><\/h5>\t<div class=\"dt-sc-toggle-content\" style=\"display: none;\">\t\t<div class=\"block\"><p>In der Boerderij und im neuen Hafengeb\u00e4ude liegt Fu\u00dfbodenheizung. Diese und auch die Warmwasseraufbereitung werden durch die Solarboiler gespeist. Kollektoren sind auf beiden D\u00e4chern befestigt.<\/p>\t\t<\/div>\t<\/div><\/div>\n<div class=\"dt-sc-toggle-frame\">\t<h5 class='dt-sc-toggle-accordion '><a href='#'>Stromversorgung<\/a><\/h5>\t<div class=\"dt-sc-toggle-content\" style=\"display: none;\">\t\t<div class=\"block\"><p>Auf dem Dach des Hafengeb\u00e4udes sind Sonnenkollektoren installiert, die ca. 1\/3 des Stroms f\u00fcr Rufus liefern. Der \u00fcbrige Strom wird in das Stromnetz eingespeist.<\/p>\t\t<\/div>\t<\/div><\/div>\n<div class=\"dt-sc-toggle-frame\">\t<h5 class='dt-sc-toggle-accordion '><a href='#'>Beleuchtung<\/a><\/h5>\t<div class=\"dt-sc-toggle-content\" style=\"display: none;\">\t\t<div class=\"block\"><p>Wir arbeiten weitestgehend mit LED-Leuchten und Sensoren, so dass das Licht ausgeht, sobald ein Bereich verlassen wurde, beispielsweise in den Badezimmern unserer Unterk\u00fcnfte. Die Beleuchtung des Hafengeb\u00e4udes wird ausschlie\u00dflich von Sonnenenergie gespeist.<\/p>\t\t<\/div>\t<\/div><\/div><\/div>\n<div class='dt-sc-hr-invisible-large  '><\/div><\/div><div  id = 'column_data' class='column dt-sc-one-half  space '  ><h2 class='section-title alignleft'>Was kann man in der Umgebung unternehmen?<\/h2>\n<div class='dt-sc-toggle-frame-set'><div class=\"dt-sc-toggle-frame\">\t<h5 class='dt-sc-toggle-accordion '><a href='#'>Rufus liegt auf dem Blosleatpolder zentral zwischen den Meeren Frieslands<\/a><\/h5>\t<div class=\"dt-sc-toggle-content\" style=\"display: none;\">\t\t<div class=\"block\"><p>Dem Sneeker Meer und den Langweerdeer Wielen.<\/p>\t\t<\/div>\t<\/div><\/div>\n<div class=\"dt-sc-toggle-frame\">\t<h5 class='dt-sc-toggle-accordion '><a href='#'>Wandern<\/a><\/h5>\t<div class=\"dt-sc-toggle-content\" style=\"display: none;\">\t\t<div class=\"block\">Die Spitze des Polders ist ein Naturschutzgebiet, in dem Sie wandern k\u00f6nnen. Es gibt verschiedene Routen, die gr\u00f6\u00dfte Runde ist ungef\u00e4hr 5km lang. Wenn Sie bei Rufus mit der F\u00e4hre \u00fcbersetzen, k\u00f6nnen Sie bis nach Goingarijp und zum Swettepoel (ungef\u00e4hr 10km) wanderln.\t\t<\/div>\t<\/div><\/div>\n<div class=\"dt-sc-toggle-frame\">\t<h5 class='dt-sc-toggle-accordion '><a href='#'>Radfahren<\/a><\/h5>\t<div class=\"dt-sc-toggle-content\" style=\"display: none;\">\t\t<div class=\"block\">Das Radfahrnetz verl\u00e4uft direkt \u00fcber unser Gel\u00e4nde. Rufus ist ein toller Ausgangspunkt f\u00fcr sch\u00f6ne Radtouren. Radwanderkarten sind im Hafenkantor erh\u00e4ltlich. Die \u00dcberfahrt kostet 1,&#8211;\u20ac pro Person. Sie k\u00f6nnen bei uns auch (Elektro-)Fahrr\u00e4der leihen.\t\t<\/div>\t<\/div><\/div>\n<div class=\"dt-sc-toggle-frame\">\t<h5 class='dt-sc-toggle-accordion '><a href='#'>Schwimmen<\/a><\/h5>\t<div class=\"dt-sc-toggle-content\" style=\"display: none;\">\t\t<div class=\"block\"><p>Das subtropische Schwimmparadies Swimfun in Joure ist eine gute Idee f\u00fcr einen Familienausflug mit Rutschen, Wildwasserbahn und Wellenbad.<\/p>\n<p>De Put van Nederhorst ist ein gem\u00fctliches Naturbad mit sch\u00f6nem Sandstrand und Toiletten. Das Bad ist aus einer Sandgrube entstanden, deren Sand f\u00fcr den Bau der nahegelegenen A7 genutzt wurde. Das Wasser ist mehr als 20 Meter tief. Das Wasser ist so klar, dass man zwischen 2 und 5 Meter weit schauen kann. Unter Wasser sind verschiedene Objekte zu erkennen. Auch f\u00fcr Angler ist das ein tolles Revier, angesiedelt sind verschiedene Fischarten, einschlie\u00dflich riesiger Hechte von gut 20kg Gewicht.<\/p>\t\t<\/div>\t<\/div><\/div>\n<div class=\"dt-sc-toggle-frame\">\t<h5 class='dt-sc-toggle-accordion '><a href='#'>Joure<\/a><\/h5>\t<div class=\"dt-sc-toggle-content\" style=\"display: none;\">\t\t<div class=\"block\">Joure ist klein, gem\u00fctlich und bietet erstaunlich viele M\u00f6glichkeiten: ein kleines Museum, eine Sauna, ein subtropisches Schwimmparadies und eine gem\u00fctliche Einkaufsstrasse mit vielen Gesch\u00e4ften und Restaurants. Au\u00dferdem ist Joure die Heimat von Douwe Egberts und einem Museumsladen, Glockengie\u00dfern und Goldschmieden. Und nat\u00fcrlich bietet Joure viele Events an, wovon das Ballonfest im Sommer das gr\u00f6\u00dfte ist.\t\t<\/div>\t<\/div><\/div>\n<div class=\"dt-sc-toggle-frame\">\t<h5 class='dt-sc-toggle-accordion '><a href='#'>Sneek<\/a><\/h5>\t<div class=\"dt-sc-toggle-content\" style=\"display: none;\">\t\t<div class=\"block\"><p>Sneek ist die Wassersportstadt in Friesland, immer lebendig, mit vielen gem\u00fctliche Terrassen und netten Restaurants und einer sch\u00f6nen Altstadt mit netten Gesch\u00e4ften entlang der Grachten. Kulturell ist es sicher auch der M\u00fche wert. Besuchen Sie das Stadttor, das Schifffahrtsmuseum, die Schnapsbrennerei Weduwe Joustra oder feiern Sie mit uns w\u00e4hrend der Sneekweek! Sneek liegt ungef\u00e4hr 10 km von Rufus entfernt. Es gibt eine gute Busverbindung.\t\t<\/div>\t<\/div><\/div><\/div>\n<div class='dt-sc-hr-invisible-large  '><\/div><\/div><div  id = 'column_data' class='column dt-sc-one-half  space first'  ><h2 class='section-title alignleft'>Wie sind die \u00d6ffnungszeiten?<\/h2>\n<div class='dt-sc-toggle-frame-set'><div class=\"dt-sc-toggle-frame\">\t<h5 class='dt-sc-toggle-accordion '><a href='#'>Rezeption<\/a><\/h5>\t<div class=\"dt-sc-toggle-content\" style=\"display: none;\">\t\t<div class=\"block\">Die Rezeption befindet sich im Hafengeb\u00e4ude und ist jeden Tag von 9-18 Uhr ge\u00f6ffnet.\t\t<\/div>\t<\/div><\/div><div class=\"dt-sc-toggle-frame\">\t<h5 class='dt-sc-toggle-accordion '><a href='#'>Cafe<\/a><\/h5>\t<div class=\"dt-sc-toggle-content\" style=\"display: none;\">\t\t<div class=\"block\"><p>Unser Cafe am Wasser ist ge\u00f6ffnet vom 1. April bis zum 31. Oktober:<\/p>\n<p>In der Woche im April und im Oktober von 9-18 Uhr<\/p>\n<p>An Wochenenden (Freitag, Samstag) von 9-20 Uhr.<\/p>\n<p>In der Woche von Mai bis September von 9-18 Uhr (die K\u00fcche ist nur nach Reservierung ge\u00f6ffnet).<\/p>\n<p>An Wochenenden (Freitag, Samstag) von 9-22 Uhr, die K\u00fcche bis 20.30 Uhr. (Bei schlechtem Wetter schlie\u00dfen wir ggf. fr\u00fcher, rufen Sie zur Sicherheit vorher an.)<\/p>\n<p>Von Mai bis zu den gro\u00dfen Ferien: t\u00e4glich von 9-22 Uhr, die K\u00fcche ist bis 20.30 Uhr ge\u00f6ffnet.<\/p>\n<p>Die K\u00fcche hat an allen Wochenenden freitags bis sonntags ge\u00f6ffnet, ebenso in allen Ferienwochen.<\/p>\n<p>Gruppen k\u00f6nnen Zeiten reservieren, siehe Arrangements f\u00fcr Gruppen.<\/p>\n<p>Fahrradf\u00e4hre: seit 2009 betreiben wir eine F\u00e4hre. Der Anleger befindet sich im Hafen vor dem Cafe. Radfahrer und Wanderer k\u00f6nnen vor oder nach der \u00dcberfahrt auf der Terrasse entspannen. Auch als Ausgangspunkt&nbsp; ist Rufus sehr gut geeignet. Die Abfahrtzeiten der F\u00e4hre sind:<\/p>\n<ul>\n<li>bis 30. April t\u00e4glich von 10-18 Uhr<\/li>\n<li>Am Osterwochenende und an den Wochenenden im Herbst von 10-18 Uhr.<\/li>\n<li>Mai bis 15. September t\u00e4glich von 10-20 Uhr.<\/li>\n<li>September bis 15. Oktober von 10-18 Uhr.<\/li>\n<\/ul>\n<p>Die Kosten liegen bei 1,&#8211;\u20ac pro Person.\t\t<\/div>\t<\/div><\/div><\/div><\/div><div  id = 'column_data' class='column dt-sc-one-half  space '  ><h2 class='section-title alignleft'>Darf mein Haustier mit?<\/h2>\n<div class='dt-sc-toggle-frame-set'><div class=\"dt-sc-toggle-frame\">\t<h5 class='dt-sc-toggle-accordion '><a href='#'>Hunde sind bei Rufus willkommen, sofern sie andere G\u00e4ste nicht bel\u00e4stigen. <\/a><\/h5>\t<div class=\"dt-sc-toggle-content\" style=\"display: none;\">\t\t<div class=\"block\">Machen Sie bitte hinter Ihrem Tier sauber. Es werden zus\u00e4tzliche Reinigungskosten erhoben, sofern die Tiere im Haus gehalten oder auf einem Boot mitgenommen werden.\t\t<\/div>\t<\/div><\/div><\/div><\/div>\t<\/div><\/div>\n","protected":false},"excerpt":{"rendered":"","protected":false},"author":1,"featured_media":0,"parent":0,"menu_order":0,"comment_status":"closed","ping_status":"closed","template":"tpl-fullwidth.php","meta":{"_acf_changed":false,"footnotes":""},"class_list":["post-969","page","type-page","status-publish","hentry"],"acf":[],"yoast_head":"<!-- This site is optimized with the Yoast SEO plugin v27.4 - https:\/\/yoast.com\/product\/yoast-seo-wordpress\/ -->\n<title>Oft gestellte Fragen - Rufus aan het Water<\/title>\n<meta name=\"robots\" content=\"index, follow, max-snippet:-1, max-image-preview:large, max-video-preview:-1\" \/>\n<link rel=\"canonical\" href=\"https:\/\/www.rufus.nl\/veelgestelde-vragen\/\" \/>\n<meta property=\"og:locale\" content=\"de_DE\" \/>\n<meta property=\"og:type\" content=\"article\" \/>\n<meta property=\"og:title\" content=\"Oft gestellte Fragen - Rufus aan het Water\" \/>\n<meta property=\"og:url\" content=\"https:\/\/www.rufus.nl\/veelgestelde-vragen\/\" \/>\n<meta property=\"og:site_name\" content=\"Rufus aan het Water\" \/>\n<meta property=\"article:modified_time\" content=\"2020-01-07T14:21:41+00:00\" \/>\n<meta name=\"twitter:card\" content=\"summary_large_image\" \/>\n<meta name=\"twitter:label1\" content=\"Gesch\u00e4tzte Lesezeit\" \/>\n\t<meta name=\"twitter:data1\" content=\"7\u00a0Minuten\" \/>\n<script type=\"application\/ld+json\" class=\"yoast-schema-graph\">{\"@context\":\"https:\\\/\\\/schema.org\",\"@graph\":[{\"@type\":\"WebPage\",\"@id\":\"https:\\\/\\\/www.rufus.nl\\\/veelgestelde-vragen\\\/\",\"url\":\"https:\\\/\\\/www.rufus.nl\\\/veelgestelde-vragen\\\/\",\"name\":\"Oft gestellte Fragen - Rufus aan het Water\",\"isPartOf\":{\"@id\":\"https:\\\/\\\/www.rufus.nl\\\/#website\"},\"datePublished\":\"2019-02-02T16:17:21+00:00\",\"dateModified\":\"2020-01-07T14:21:41+00:00\",\"breadcrumb\":{\"@id\":\"https:\\\/\\\/www.rufus.nl\\\/veelgestelde-vragen\\\/#breadcrumb\"},\"inLanguage\":\"de\",\"potentialAction\":[{\"@type\":\"ReadAction\",\"target\":[\"https:\\\/\\\/www.rufus.nl\\\/veelgestelde-vragen\\\/\"]}]},{\"@type\":\"BreadcrumbList\",\"@id\":\"https:\\\/\\\/www.rufus.nl\\\/veelgestelde-vragen\\\/#breadcrumb\",\"itemListElement\":[{\"@type\":\"ListItem\",\"position\":1,\"name\":\"Home\",\"item\":\"https:\\\/\\\/www.rufus.nl\\\/de\\\/\"},{\"@type\":\"ListItem\",\"position\":2,\"name\":\"Oft gestellte Fragen\"}]},{\"@type\":\"WebSite\",\"@id\":\"https:\\\/\\\/www.rufus.nl\\\/#website\",\"url\":\"https:\\\/\\\/www.rufus.nl\\\/\",\"name\":\"Rufus aan het Water\",\"description\":\"Heerlijk genieten in Friesland\",\"publisher\":{\"@id\":\"https:\\\/\\\/www.rufus.nl\\\/#organization\"},\"potentialAction\":[{\"@type\":\"SearchAction\",\"target\":{\"@type\":\"EntryPoint\",\"urlTemplate\":\"https:\\\/\\\/www.rufus.nl\\\/?s={search_term_string}\"},\"query-input\":{\"@type\":\"PropertyValueSpecification\",\"valueRequired\":true,\"valueName\":\"search_term_string\"}}],\"inLanguage\":\"de\"},{\"@type\":\"Organization\",\"@id\":\"https:\\\/\\\/www.rufus.nl\\\/#organization\",\"name\":\"Rufus\",\"url\":\"https:\\\/\\\/www.rufus.nl\\\/\",\"logo\":{\"@type\":\"ImageObject\",\"inLanguage\":\"de\",\"@id\":\"https:\\\/\\\/www.rufus.nl\\\/#\\\/schema\\\/logo\\\/image\\\/\",\"url\":\"https:\\\/\\\/www.rufus.nl\\\/wp-content\\\/uploads\\\/2019\\\/02\\\/rufus-aan-het-water-logo-229-retina.png\",\"contentUrl\":\"https:\\\/\\\/www.rufus.nl\\\/wp-content\\\/uploads\\\/2019\\\/02\\\/rufus-aan-het-water-logo-229-retina.png\",\"width\":459,\"height\":186,\"caption\":\"Rufus\"},\"image\":{\"@id\":\"https:\\\/\\\/www.rufus.nl\\\/#\\\/schema\\\/logo\\\/image\\\/\"}}]}<\/script>\n<!-- \/ Yoast SEO plugin. -->","yoast_head_json":{"title":"Oft gestellte Fragen - Rufus aan het Water","robots":{"index":"index","follow":"follow","max-snippet":"max-snippet:-1","max-image-preview":"max-image-preview:large","max-video-preview":"max-video-preview:-1"},"canonical":"https:\/\/www.rufus.nl\/veelgestelde-vragen\/","og_locale":"de_DE","og_type":"article","og_title":"Oft gestellte Fragen - Rufus aan het Water","og_url":"https:\/\/www.rufus.nl\/veelgestelde-vragen\/","og_site_name":"Rufus aan het Water","article_modified_time":"2020-01-07T14:21:41+00:00","twitter_card":"summary_large_image","twitter_misc":{"Gesch\u00e4tzte Lesezeit":"7\u00a0Minuten"},"schema":{"@context":"https:\/\/schema.org","@graph":[{"@type":"WebPage","@id":"https:\/\/www.rufus.nl\/veelgestelde-vragen\/","url":"https:\/\/www.rufus.nl\/veelgestelde-vragen\/","name":"Oft gestellte Fragen - Rufus aan het Water","isPartOf":{"@id":"https:\/\/www.rufus.nl\/#website"},"datePublished":"2019-02-02T16:17:21+00:00","dateModified":"2020-01-07T14:21:41+00:00","breadcrumb":{"@id":"https:\/\/www.rufus.nl\/veelgestelde-vragen\/#breadcrumb"},"inLanguage":"de","potentialAction":[{"@type":"ReadAction","target":["https:\/\/www.rufus.nl\/veelgestelde-vragen\/"]}]},{"@type":"BreadcrumbList","@id":"https:\/\/www.rufus.nl\/veelgestelde-vragen\/#breadcrumb","itemListElement":[{"@type":"ListItem","position":1,"name":"Home","item":"https:\/\/www.rufus.nl\/de\/"},{"@type":"ListItem","position":2,"name":"Oft gestellte Fragen"}]},{"@type":"WebSite","@id":"https:\/\/www.rufus.nl\/#website","url":"https:\/\/www.rufus.nl\/","name":"Rufus aan het Water","description":"Heerlijk genieten in Friesland","publisher":{"@id":"https:\/\/www.rufus.nl\/#organization"},"potentialAction":[{"@type":"SearchAction","target":{"@type":"EntryPoint","urlTemplate":"https:\/\/www.rufus.nl\/?s={search_term_string}"},"query-input":{"@type":"PropertyValueSpecification","valueRequired":true,"valueName":"search_term_string"}}],"inLanguage":"de"},{"@type":"Organization","@id":"https:\/\/www.rufus.nl\/#organization","name":"Rufus","url":"https:\/\/www.rufus.nl\/","logo":{"@type":"ImageObject","inLanguage":"de","@id":"https:\/\/www.rufus.nl\/#\/schema\/logo\/image\/","url":"https:\/\/www.rufus.nl\/wp-content\/uploads\/2019\/02\/rufus-aan-het-water-logo-229-retina.png","contentUrl":"https:\/\/www.rufus.nl\/wp-content\/uploads\/2019\/02\/rufus-aan-het-water-logo-229-retina.png","width":459,"height":186,"caption":"Rufus"},"image":{"@id":"https:\/\/www.rufus.nl\/#\/schema\/logo\/image\/"}}]}},"_links":{"self":[{"href":"https:\/\/www.rufus.nl\/de\/wp-json\/wp\/v2\/pages\/969","targetHints":{"allow":["GET"]}}],"collection":[{"href":"https:\/\/www.rufus.nl\/de\/wp-json\/wp\/v2\/pages"}],"about":[{"href":"https:\/\/www.rufus.nl\/de\/wp-json\/wp\/v2\/types\/page"}],"author":[{"embeddable":true,"href":"https:\/\/www.rufus.nl\/de\/wp-json\/wp\/v2\/users\/1"}],"replies":[{"embeddable":true,"href":"https:\/\/www.rufus.nl\/de\/wp-json\/wp\/v2\/comments?post=969"}],"version-history":[{"count":5,"href":"https:\/\/www.rufus.nl\/de\/wp-json\/wp\/v2\/pages\/969\/revisions"}],"predecessor-version":[{"id":1139,"href":"https:\/\/www.rufus.nl\/de\/wp-json\/wp\/v2\/pages\/969\/revisions\/1139"}],"wp:attachment":[{"href":"https:\/\/www.rufus.nl\/de\/wp-json\/wp\/v2\/media?parent=969"}],"curies":[{"name":"wp","href":"https:\/\/api.w.org\/{rel}","templated":true}]}}